{"id":337059,"date":"2024-08-29T09:46:48","date_gmt":"2024-08-29T15:46:48","guid":{"rendered":"https:\/\/lossuenosgolfcartsrentals.com\/preguntas-mas-frecuentes\/"},"modified":"2024-11-25T13:33:59","modified_gmt":"2024-11-25T19:33:59","slug":"preguntas-mas-frecuentes","status":"publish","type":"page","link":"https:\/\/lossuenosgolfcartsrentals.com\/es\/preguntas-mas-frecuentes\/","title":{"rendered":"Preguntas m\u00e1s frecuentes"},"content":{"rendered":"<p>[et_pb_section fb_built=\u00bb1&#8243; custom_padding_last_edited=\u00bboff|desktop\u00bb admin_label=\u00bbHeader\u00bb _builder_version=\u00bb4.27.0&#8243; _module_preset=\u00bbdefault\u00bb background_color=\u00bb#19233E\u00bb use_background_color_gradient=\u00bbon\u00bb background_color_gradient_stops=\u00bbrgba(25,35,62,0.92) 0%|rgba(25,35,62,0.69) 100%\u00bb background_color_gradient_overlays_image=\u00bbon\u00bb background_image=\u00bbhttps:\/\/lossuenosgolfcartsrentals.com\/wp-content\/uploads\/2024\/08\/faqs.jpg\u00bb parallax=\u00bbon\u00bb custom_padding=\u00bb||16vw||false|false\u00bb custom_padding_tablet=\u00bb||40vw||false|false\u00bb custom_padding_phone=\u00bb||40vw||false|false\u00bb collapsed=\u00bbon\u00bb global_colors_info=\u00bb{}\u00bb][et_pb_row _builder_version=\u00bb4.17.4&#8243; _module_preset=\u00bbdefault\u00bb custom_margin=\u00bb||||false|false\u00bb global_colors_info=\u00bb{}\u00bb][et_pb_column type=\u00bb4_4&#8243; _builder_version=\u00bb4.17.4&#8243; _module_preset=\u00bbdefault\u00bb global_colors_info=\u00bb{}\u00bb][et_pb_text _builder_version=\u00bb4.26.0&#8243; _module_preset=\u00bbc16985e1-e0d6-4022-964d-e2bfc04fa633&#8243; header_font=\u00bb&#8211;et_global_heading_font|800||on|||||\u00bb header_text_color=\u00bb#FFFFFF\u00bb header_font_size=\u00bb65px\u00bb header_line_height=\u00bb1.5em\u00bb text_orientation=\u00bbcenter\u00bb custom_margin=\u00bb||50px||false|false\u00bb header_font_size_tablet=\u00bb40px\u00bb header_font_size_phone=\u00bb24px\u00bb header_font_size_last_edited=\u00bbon|desktop\u00bb global_colors_info=\u00bb{}\u00bb]<\/p>\n<h1>PREGUNTAS FRECUENTES<\/h1>\n<p>[\/et_pb_text][\/et_pb_column][\/et_pb_row][\/et_pb_section][et_pb_section fb_built=\u00bb1&#8243; admin_label=\u00bbVideo\u00bb _builder_version=\u00bb4.17.4&#8243; _module_preset=\u00bbdefault\u00bb background_color=\u00bbRGBA(255,255,255,0)\u00bb custom_margin=\u00bb||||false|false\u00bb custom_padding=\u00bb||0px||false|false\u00bb global_colors_info=\u00bb{}\u00bb][et_pb_row _builder_version=\u00bb4.17.4&#8243; _module_preset=\u00bbdefault\u00bb custom_margin=\u00bb||||false|false\u00bb custom_margin_tablet=\u00bb-40vw||||false|false\u00bb custom_margin_phone=\u00bb-40vw||||false|false\u00bb custom_margin_last_edited=\u00bboff|desktop\u00bb custom_padding=\u00bb0px||||false|false\u00bb global_colors_info=\u00bb{}\u00bb][et_pb_column type=\u00bb4_4&#8243; _builder_version=\u00bb4.17.4&#8243; _module_preset=\u00bbdefault\u00bb global_colors_info=\u00bb{}\u00bb][et_pb_image src=\u00bbhttps:\/\/lossuenosgolfcartsrentals.com\/wp-content\/uploads\/2024\/08\/faqs.jpg\u00bb alt=\u00bbPreguntas frecuentes\u00bb title_text=\u00bbPreguntas frecuentes\u00bb _builder_version=\u00bb4.27.0&#8243; _module_preset=\u00bbdefault\u00bb custom_margin=\u00bb-20vw||||false|false\u00bb custom_padding=\u00bb||||false|false\u00bb global_colors_info=\u00bb{}\u00bb][\/et_pb_image][\/et_pb_column][\/et_pb_row][\/et_pb_section][et_pb_section fb_built=\u00bb1&#8243; admin_label=\u00bbAbout\u00bb _builder_version=\u00bb4.17.4&#8243; _module_preset=\u00bbdefault\u00bb custom_padding=\u00bb5px|||||\u00bb collapsed=\u00bbon\u00bb global_colors_info=\u00bb{}\u00bb][et_pb_row make_equal=\u00bbon\u00bb _builder_version=\u00bb4.26.0&#8243; _module_preset=\u00bbdefault\u00bb global_colors_info=\u00bb{}\u00bb][et_pb_column type=\u00bb4_4&#8243; _builder_version=\u00bb4.17.4&#8243; _module_preset=\u00bbdefault\u00bb global_colors_info=\u00bb{}\u00bb][et_pb_accordion open_toggle_background_color=\u00bb#FFFFFF\u00bb closed_toggle_text_color=\u00bb#FFFFFF\u00bb closed_toggle_background_color=\u00bb#19233E\u00bb _builder_version=\u00bb4.27.2&#8243; _module_preset=\u00bbdefault\u00bb toggle_font=\u00bb&#8211;et_global_heading_font|700||on|||||\u00bb body_font=\u00bb||||||||\u00bb hover_enabled=\u00bb0&#8243; global_colors_info=\u00bb{}\u00bb sticky_enabled=\u00bb0&#8243;][et_pb_accordion_item title=\u00bb\u00bfLo cumplir\u00e1s?\u00bb open=\u00bbon\u00bb _builder_version=\u00bb4.27.2&#8243; _module_preset=\u00bbdefault\u00bb hover_enabled=\u00bb0&#8243; global_colors_info=\u00bb{}\u00bb sticky_enabled=\u00bb0&#8243;]<\/p>\n<p>Todos nuestros alquileres se entregan en tu piso o domicilio sin coste adicional.<\/p>\n<p>[\/et_pb_accordion_item][et_pb_accordion_item title=\u00bb\u00bfY si me quedo sin energ\u00eda?\u00bb _builder_version=\u00bb4.27.2&#8243; _module_preset=\u00bbdefault\u00bb hover_enabled=\u00bb0&#8243; global_colors_info=\u00bb{}\u00bb open=\u00bboff\u00bb sticky_enabled=\u00bb0&#8243;]<\/p>\n<p>Nuestra recomendaci\u00f3n es que mantengas la bater\u00eda llena al menos al 50% para que funcione mejor, sobre todo si piensas subir y bajar cuestas empinadas. Enchufar el carrito de golf por la noche es la mejor forma de asegurarse de que la bater\u00eda se mantiene bien cargada durante todo el d\u00eda.<\/p>\n<p>Si tienes alg\u00fan problema, ll\u00e1manos al +506 2637-6308 y podremos ayudarte.<\/p>\n<p>[\/et_pb_accordion_item][et_pb_accordion_item title=\u00bb\u00bfD\u00f3nde puedo cargar mi carrito de golf?\u00bb _builder_version=\u00bb4.27.2&#8243; _module_preset=\u00bbdefault\u00bb hover_enabled=\u00bb0&#8243; global_colors_info=\u00bb{}\u00bb open=\u00bboff\u00bb sticky_enabled=\u00bb0&#8243;]<\/p>\n<p><span>Muchas urbanizaciones, hoteles y casas particulares tienen enchufes exteriores que puedes utilizar para cargar tu carrito de golf el\u00e9ctrico. No dudes en ponerte en contacto con nosotros si no est\u00e1s seguro de si tu alquiler de vacaciones tendr\u00e1 la toma de corriente correcta.<\/span><\/p>\n<p>[\/et_pb_accordion_item][et_pb_accordion_item title=\u00bb\u00bfQu\u00e9 tipo de enchufe necesito?\u00bb _builder_version=\u00bb4.26.0&#8243; _module_preset=\u00bbdefault\u00bb global_colors_info=\u00bb{}\u00bb open=\u00bboff\u00bb]<\/p>\n<p><span>Nuestros carritos de golf utilizan los mismos 110 V que se usan habitualmente en toda Costa Rica.<\/span><\/p>\n<p>[\/et_pb_accordion_item][et_pb_accordion_item title=\u00bb\u00bfC\u00f3mo s\u00e9 si es una toma de 110 o 220?\u00bb _builder_version=\u00bb4.26.0&#8243; _module_preset=\u00bbdefault\u00bb global_colors_info=\u00bb{}\u00bb open=\u00bboff\u00bb]<\/p>\n<p><span>Las tomas de 110 son el tipo de toma m\u00e1s com\u00fan y casi siempre se instalan por parejas, mientras que las de 220 no. La salida 220 suele ser m\u00e1s grande, negra, redonda y tiene de 3 a 4 ranuras, una de ellas dispuesta horizontalmente o en \u00e1ngulo.<\/span><\/p>\n<p>[\/et_pb_accordion_item][et_pb_accordion_item title=\u00bb\u00bfEs caro cargar un carrito de golf el\u00e9ctrico?\u00bb _builder_version=\u00bb4.26.0&#8243; _module_preset=\u00bbdefault\u00bb global_colors_info=\u00bb{}\u00bb open=\u00bboff\u00bb]<\/p>\n<p><span>No, \u00a1cuesta menos de 1 $ al d\u00eda cargar uno de nuestros carritos de golf el\u00e9ctricos!<\/span><\/p>\n<p>[\/et_pb_accordion_item][et_pb_accordion_item title=\u00bb\u00bfCu\u00e1les son tus requisitos de alquiler?\u00bb _builder_version=\u00bb4.26.0&#8243; _module_preset=\u00bbdefault\u00bb global_colors_info=\u00bb{}\u00bb open=\u00bboff\u00bb]<\/p>\n<p><span>Debes tener al menos 18 a\u00f1os y un permiso de conducir v\u00e1lido para alquilar y utilizar el carrito de golf. Necesitaremos tu licencia y los datos de tu tarjeta de cr\u00e9dito en el momento del alquiler.<\/span><\/p>\n<p>[\/et_pb_accordion_item][et_pb_accordion_item title=\u00bb\u00bfLos coches de golf son legales en la calle?\u00bb _builder_version=\u00bb4.27.2&#8243; _module_preset=\u00bbdefault\u00bb hover_enabled=\u00bb0&#8243; global_colors_info=\u00bb{}\u00bb open=\u00bboff\u00bb sticky_enabled=\u00bb0&#8243;]<\/p>\n<p><span>S\u00ed, los carritos de golf son legales en la calle. Cada una de ellas est\u00e1 equipada con luces de freno, intermitentes, faros, claxon e indicador de energ\u00eda. Los coches son legales pero en calles secundarias (Playa Herradura a Automercado)<\/span><\/p>\n<p>[\/et_pb_accordion_item][et_pb_accordion_item title=\u00bb\u00bfPuedo conducir el carrito de golf por la playa?\u00bb _builder_version=\u00bb4.26.0&#8243; _module_preset=\u00bbdefault\u00bb global_colors_info=\u00bb{}\u00bb open=\u00bboff\u00bb]<\/p>\n<p><span>No, no puedes conducir estos carritos de golf en la playa por ning\u00fan motivo.<\/span><\/p>\n<p>[\/et_pb_accordion_item][et_pb_accordion_item title=\u00bb\u00bfLa lluvia o el agua da\u00f1ar\u00e1n el carrito de golf?\u00bb _builder_version=\u00bb4.26.0&#8243; _module_preset=\u00bbdefault\u00bb global_colors_info=\u00bb{}\u00bb open=\u00bboff\u00bb]<\/p>\n<p><span>El carrito de golf se puede aparcar bajo la lluvia, sin problemas. Sin embargo, cuando el agua salpica los bajos de nuestros carros de golf, dejan de moverse. S\u00e9 consciente de las condiciones meteorol\u00f3gicas y, por favor, no utilices el carrito de golf cuando el tiempo sea peligroso\/severo.<\/span><\/p>\n<p>[\/et_pb_accordion_item][et_pb_accordion_item title=\u00bb\u00bfHasta d\u00f3nde puedes llegar?\u00bb _builder_version=\u00bb4.27.2&#8243; _module_preset=\u00bbdefault\u00bb hover_enabled=\u00bb0&#8243; global_colors_info=\u00bb{}\u00bb open=\u00bboff\u00bb sticky_enabled=\u00bb0&#8243;]<\/p>\n<p>Los l\u00edmites fuera del complejo son: Playa Herradura hasta el Automercado.<\/p>\n<p>[\/et_pb_accordion_item][et_pb_accordion_item title=\u00bb\u00bfHay alguna ley que deba conocer?\u00bb _builder_version=\u00bb4.26.0&#8243; _module_preset=\u00bbdefault\u00bb global_colors_info=\u00bb{}\u00bb open=\u00bboff\u00bb]<\/p>\n<p>En Costa Rica, debes llevar siempre encima el permiso de conducir cuando conduzcas un veh\u00edculo de motor. Tambi\u00e9n debes llevar contigo una copia en color de tu pasaporte (recomendado en todo momento).<\/p>\n<p>Muchas se\u00f1ales de tr\u00e1fico de Costa Rica son similares a las de EEUU. La \u00fanica excepci\u00f3n es la se\u00f1al de \u00abCeda el Paso\u00bb, que es esencialmente una se\u00f1al de ceda el paso. Cuando te aproximas a un puente de un solo carril, o tienes preferencia de paso (sin se\u00f1alizaci\u00f3n) o debes esperar al tr\u00e1fico que viene en sentido contrario (Ceda el Paso).<\/p>\n<p>[\/et_pb_accordion_item][et_pb_accordion_item title=\u00bb\u00bfFuncionar\u00e1 mi tel\u00e9fono m\u00f3vil en la zona?\u00bb _builder_version=\u00bb4.26.0&#8243; _module_preset=\u00bbdefault\u00bb global_colors_info=\u00bb{}\u00bb open=\u00bboff\u00bb]<\/p>\n<p><span>Antes de viajar a Costa Rica, ponte en contacto con tu proveedor para ver si tiene tarifas internacionales. Tambi\u00e9n puedes descargarte la app WhatsApp y utilizar esta plataforma para enviar mensajes directos cuando est\u00e9s conectado a WiFi. La mayor\u00eda de los locales y empresas est\u00e1n activos en esta aplicaci\u00f3n, lo que la convierte en un gran recurso para quienes no tienen un plan telef\u00f3nico internacional.<\/span><\/p>\n<p>[\/et_pb_accordion_item][\/et_pb_accordion][\/et_pb_column][\/et_pb_row][\/et_pb_section]<\/p>\n","protected":false},"excerpt":{"rendered":"<p>PREGUNTAS FRECUENTESTodos nuestros alquileres se entregan en tu piso o domicilio sin coste adicional.Nuestra recomendaci\u00f3n es que mantengas la bater\u00eda llena al menos al 50% para que funcione mejor, sobre todo si piensas subir y bajar cuestas empinadas. Enchufar el carrito de golf por la noche es la mejor forma de asegurarse de que la [&hellip;]<\/p>\n","protected":false},"author":1,"featured_media":0,"parent":0,"menu_order":0,"comment_status":"closed","ping_status":"closed","template":"","meta":{"_et_pb_use_builder":"on","_et_pb_old_content":"","_et_gb_content_width":"","footnotes":""},"class_list":["post-337059","page","type-page","status-publish","hentry"],"_links":{"self":[{"href":"https:\/\/lossuenosgolfcartsrentals.com\/es\/wp-json\/wp\/v2\/pages\/337059","targetHints":{"allow":["GET"]}}],"collection":[{"href":"https:\/\/lossuenosgolfcartsrentals.com\/es\/wp-json\/wp\/v2\/pages"}],"about":[{"href":"https:\/\/lossuenosgolfcartsrentals.com\/es\/wp-json\/wp\/v2\/types\/page"}],"author":[{"embeddable":true,"href":"https:\/\/lossuenosgolfcartsrentals.com\/es\/wp-json\/wp\/v2\/users\/1"}],"replies":[{"embeddable":true,"href":"https:\/\/lossuenosgolfcartsrentals.com\/es\/wp-json\/wp\/v2\/comments?post=337059"}],"version-history":[{"count":1,"href":"https:\/\/lossuenosgolfcartsrentals.com\/es\/wp-json\/wp\/v2\/pages\/337059\/revisions"}],"predecessor-version":[{"id":337062,"href":"https:\/\/lossuenosgolfcartsrentals.com\/es\/wp-json\/wp\/v2\/pages\/337059\/revisions\/337062"}],"wp:attachment":[{"href":"https:\/\/lossuenosgolfcartsrentals.com\/es\/wp-json\/wp\/v2\/media?parent=337059"}],"curies":[{"name":"wp","href":"https:\/\/api.w.org\/{rel}","templated":true}]}}