{"id":337031,"date":"2024-05-06T14:21:47","date_gmt":"2024-05-06T20:21:47","guid":{"rendered":"https:\/\/lossuenosgolfcartsrentals.com\/piezas-y-accesorios\/"},"modified":"2024-11-21T15:04:05","modified_gmt":"2024-11-21T21:04:05","slug":"piezas-y-accesorios","status":"publish","type":"page","link":"https:\/\/lossuenosgolfcartsrentals.com\/es\/piezas-y-accesorios\/","title":{"rendered":"Piezas y accesorios"},"content":{"rendered":"<p>[et_pb_section fb_built=\u00bb1&#8243; admin_label=\u00bbSection\u00bb _builder_version=\u00bb4.25.0&#8243; _module_preset=\u00bbdefault\u00bb use_background_color_gradient=\u00bbon\u00bb background_color_gradient_direction=\u00bb210deg\u00bb background_color_gradient_stops=\u00bb#000000 30%|rgba(0,0,0,0) 100%\u00bb background_color_gradient_overlays_image=\u00bbon\u00bb background_image=\u00bbhttps:\/\/lossuenosgolfcartsrentals.com\/wp-content\/uploads\/2024\/05\/partes-accesorios-top.jpg\u00bb custom_margin=\u00bb0px||||false|false\u00bb custom_padding=\u00bb0px||||false|false\u00bb collapsed=\u00bbon\u00bb global_colors_info=\u00bb{}\u00bb][et_pb_row _builder_version=\u00bb4.25.0&#8243; _module_preset=\u00bbdefault\u00bb global_colors_info=\u00bb{}\u00bb][et_pb_column type=\u00bb4_4&#8243; _builder_version=\u00bb4.17.4&#8243; _module_preset=\u00bbdefault\u00bb custom_padding=\u00bb5%||||false|false\u00bb custom_padding_tablet=\u00bb0%||||false|false\u00bb custom_padding_phone=\u00bb0%||||false|false\u00bb custom_padding_last_edited=\u00bbon|tablet\u00bb global_colors_info=\u00bb{}\u00bb][et_pb_text _builder_version=\u00bb4.25.0&#8243; _module_preset=\u00bbc16985e1-e0d6-4022-964d-e2bfc04fa633&#8243; header_font=\u00bb&#8211;et_global_heading_font|800||on|||||\u00bb header_text_color=\u00bb#FFFFFF\u00bb header_font_size=\u00bb65px\u00bb header_line_height=\u00bb1.2em\u00bb header_font_size_tablet=\u00bb40px\u00bb header_font_size_phone=\u00bb24px\u00bb header_font_size_last_edited=\u00bbon|desktop\u00bb global_colors_info=\u00bb{}\u00bb]<\/p>\n<h1>Recambios y accesorios<\/h1>\n<p>[\/et_pb_text][\/et_pb_column][\/et_pb_row][\/et_pb_section][et_pb_section fb_built=\u00bb1&#8243; admin_label=\u00bbAbout\u00bb _builder_version=\u00bb4.17.4&#8243; _module_preset=\u00bbdefault\u00bb locked=\u00bboff\u00bb collapsed=\u00bbon\u00bb global_colors_info=\u00bb{}\u00bb][et_pb_row column_structure=\u00bb1_2,1_2&#8243; make_equal=\u00bbon\u00bb _builder_version=\u00bb4.25.0&#8243; _module_preset=\u00bbdefault\u00bb global_colors_info=\u00bb{}\u00bb][et_pb_column type=\u00bb1_2&#8243; _builder_version=\u00bb4.25.0&#8243; _module_preset=\u00bbdefault\u00bb global_colors_info=\u00bb{}\u00bb][et_pb_image src=\u00bbhttps:\/\/lossuenosgolfcartsrentals.com\/wp-content\/uploads\/2024\/05\/partes-accesorios.jpg\u00bb alt=\u00bbPiezas y accesorios\u00bb title_text=\u00bbPiezas y accesorios\u00bb _builder_version=\u00bb4.25.0&#8243; _module_preset=\u00bbdefault\u00bb global_colors_info=\u00bb{}\u00bb][\/et_pb_image][\/et_pb_column][et_pb_column type=\u00bb1_2&#8243; _builder_version=\u00bb4.17.4&#8243; _module_preset=\u00bbdefault\u00bb transform_scale_last_edited=\u00bboff|phone\u00bb transform_translate_last_edited=\u00bboff|phone\u00bb transform_rotate_last_edited=\u00bboff|phone\u00bb transform_skew_phone=\u00bb-10deg|0deg\u00bb transform_skew_last_edited=\u00bboff|phone\u00bb transform_origin_last_edited=\u00bboff|phone\u00bb transform_styles_last_edited=\u00bboff|phone\u00bb global_colors_info=\u00bb{}\u00bb][et_pb_text _builder_version=\u00bb4.25.0&#8243; _module_preset=\u00bbe6504a1b-67eb-4b3d-b023-bcab277610b6&#8243; header_4_font=\u00bb&#8211;et_global_heading_font|800||on|||||\u00bb header_4_text_color=\u00bb#41AC34&#8243; header_4_font_size=\u00bb14px\u00bb header_4_letter_spacing=\u00bb1px\u00bb header_4_line_height=\u00bb1.4em\u00bb custom_margin=\u00bb||0px||false|false\u00bb global_colors_info=\u00bb{}\u00bb]<\/p>\n<h4>Coches el\u00e9ctricos Costa Rica<\/h4>\n<p>[\/et_pb_text][et_pb_text _builder_version=\u00bb4.25.0&#8243; _module_preset=\u00bbb327cbe4-b1d5-4b66-ad37-40c8f2f061ba\u00bb header_2_font=\u00bb&#8211;et_global_heading_font|800||on|||||\u00bb header_2_text_color=\u00bb#000000&#8243; header_2_font_size=\u00bb48px\u00bb header_2_line_height=\u00bb1.2em\u00bb header_2_font_size_tablet=\u00bb32px\u00bb header_2_font_size_phone=\u00bb20px\u00bb header_2_font_size_last_edited=\u00bbon|desktop\u00bb global_colors_info=\u00bb{}\u00bb]<\/p>\n<h2>Piezas y accesorios<\/h2>\n<p>[\/et_pb_text][et_pb_text _builder_version=\u00bb4.25.0&#8243; _module_preset=\u00bb4c43b4b6-66bf-432d-959a-705bda24a650&#8243; text_font=\u00bb&#8211;et_global_body_font||||||||\u00bb text_text_color=\u00bb#000000&#8243; text_line_height=\u00bb1.8em\u00bb header_font_size_tablet=\u00bb55px\u00bb header_font_size_last_edited=\u00bboff|desktop\u00bb global_colors_info=\u00bb{}\u00bb]<\/p>\n<p>El golf es uno de esos deportes que han abrazado la tecnolog\u00eda, as\u00ed que no es de extra\u00f1ar que los carritos de golf, que antes se ve\u00edan como lentos buggies con forma de caja, ahora sean modernos y est\u00e9n de moda, al igual que los TPV, que antes ten\u00edan una mala reputaci\u00f3n similar.<\/p>\n<p>Es normal ver a muchos de ellos merodeando por un campo de golf, y la gente disfruta de ellos como si fueran una atracci\u00f3n del parque -y de hecho, en cierto modo lo son-. Los carros de golf modernos de hoy en d\u00eda tienen puertos USB, altavoces de audio y capacidad Bluetooth, as\u00ed como asientos c\u00f3modos y colores chulos. As\u00ed que es justo decir que los carros de golf actuales son una gran inversi\u00f3n para una instalaci\u00f3n de golf, igual que una tienda de golf bien surtida, un campo impecable y bien mantenido o un servicio completo de comida y bebida.<\/p>\n<p>Como inversi\u00f3n costosa pero rentable, la flota de carros de golf debe estar bien cuidada. Por lo tanto, es vital destinar algo de presupuesto al mantenimiento regular para que sigan rodando por el campo de golf.<\/p>\n<p>[\/et_pb_text][\/et_pb_column][\/et_pb_row][\/et_pb_section][et_pb_section fb_built=\u00bb1&#8243; specialty=\u00bbon\u00bb padding_top_1=\u00bb10%\u00bb padding_top_bottom_link_1=\u00bbfalse\u00bb padding_left_right_link_1=\u00bbfalse\u00bb admin_label=\u00bbServices\u00bb _builder_version=\u00bb4.17.4&#8243; _module_preset=\u00bbdefault\u00bb background_color=\u00bb#F3F3F3&#8243; collapsed=\u00bbon\u00bb global_colors_info=\u00bb{}\u00bb][et_pb_column type=\u00bb1_3&#8243; _builder_version=\u00bb4.16&#8243; custom_padding=\u00bb|||\u00bb global_colors_info=\u00bb{}\u00bb custom_padding__hover=\u00bb|||\u00bb][et_pb_text _builder_version=\u00bb4.25.2&#8243; _module_preset=\u00bbb327cbe4-b1d5-4b66-ad37-40c8f2f061ba\u00bb header_2_font=\u00bb&#8211;et_global_heading_font|800||on|||||\u00bb header_2_text_color=\u00bb#000000&#8243; header_2_font_size=\u00bb38px\u00bb header_2_line_height=\u00bb1.2em\u00bb custom_margin=\u00bb-87px||10px||false|false\u00bb custom_margin_tablet=\u00bb-90px||10px||false|false\u00bb custom_margin_phone=\u00bb0px||-53px||false|false\u00bb custom_margin_last_edited=\u00bbon|phone\u00bb custom_padding=\u00bb0px||0px||false|false\u00bb hover_enabled=\u00bb0&#8243; header_2_font_size_tablet=\u00bb32px\u00bb header_2_font_size_phone=\u00bb20px\u00bb header_2_font_size_last_edited=\u00bbon|desktop\u00bb locked=\u00bboff\u00bb global_colors_info=\u00bb{}\u00bb sticky_enabled=\u00bb0&#8243;]<\/p>\n<h2>Para m\u00e1s informaci\u00f3n<\/h2>\n<p>[\/et_pb_text][\/et_pb_column][et_pb_column type=\u00bb2_3&#8243; specialty_columns=\u00bb2&#8243; _builder_version=\u00bb4.16&#8243; custom_padding=\u00bb|||\u00bb global_colors_info=\u00bb{}\u00bb custom_padding__hover=\u00bb|||\u00bb][et_pb_row_inner column_structure=\u00bb1_2,1_2&#8243; make_equal=\u00bbon\u00bb custom_padding_last_edited=\u00bbon|tablet\u00bb _builder_version=\u00bb4.17.4&#8243; _module_preset=\u00bbdefault\u00bb custom_padding_tablet=\u00bb||0px||false|false\u00bb custom_padding_phone=\u00bb||0px||false|false\u00bb locked=\u00bboff\u00bb global_colors_info=\u00bb{}\u00bb][et_pb_column_inner type=\u00bb1_2&#8243; saved_specialty_column_type=\u00bb2_3&#8243; _builder_version=\u00bb4.17.4&#8243; _module_preset=\u00bbdefault\u00bb background_color=\u00bb#FFFFFF\u00bb custom_padding=\u00bb30px|30px|30px|30px|true|true\u00bb custom_padding_tablet=\u00bb30px|30px|30px|30px|true|true\u00bb custom_padding_phone=\u00bb20px|20px|20px|20px|true|true\u00bb custom_padding_last_edited=\u00bbon|desktop\u00bb global_colors_info=\u00bb{}\u00bb][et_pb_blurb title=\u00bbRecambios WhatsApp\u00bb use_icon=\u00bbon\u00bb font_icon=\u00bb&#xf232;||fa||400&#8243; icon_placement=\u00bbleft\u00bb image_icon_width=\u00bb49px\u00bb _builder_version=\u00bb4.25.1&#8243; _module_preset=\u00bbdefault\u00bb header_font=\u00bb&#8211;et_global_heading_font|800||on|||||\u00bb link_option_url=\u00bbhttps:\/\/wa.me\/50687409054&#8243; global_colors_info=\u00bb{}\u00bb]<\/p>\n<p>+506 8740-9054<\/p>\n<p>[\/et_pb_blurb][\/et_pb_column_inner][et_pb_column_inner type=\u00bb1_2&#8243; saved_specialty_column_type=\u00bb2_3&#8243; _builder_version=\u00bb4.17.4&#8243; _module_preset=\u00bbdefault\u00bb background_color=\u00bb#FFFFFF\u00bb custom_padding=\u00bb30px|30px|30px|30px|true|true\u00bb custom_padding_tablet=\u00bb30px|30px|30px|30px|true|true\u00bb custom_padding_phone=\u00bb20px|20px|20px|20px|true|true\u00bb custom_padding_last_edited=\u00bbon|desktop\u00bb global_colors_info=\u00bb{}\u00bb][et_pb_blurb title=\u00bbCentral telef\u00f3nica\u00bb use_icon=\u00bbon\u00bb font_icon=\u00bb&#xf879;||fa||900&#8243; icon_placement=\u00bbleft\u00bb image_icon_width=\u00bb49px\u00bb _builder_version=\u00bb4.25.1&#8243; _module_preset=\u00bbdefault\u00bb header_font=\u00bb&#8211;et_global_heading_font|800||on|||||\u00bb link_option_url=\u00bbtel:+50622939054<br \/>\n \u00bb global_colors_info=\u00bb{}\u00bb]<\/p>\n<p>+506 2293-9054<\/p>\n<p>[\/et_pb_blurb][\/et_pb_column_inner][\/et_pb_row_inner][\/et_pb_column][\/et_pb_section]<\/p>\n","protected":false},"excerpt":{"rendered":"<p>Recambios y accesoriosCoches el\u00e9ctricos Costa RicaPiezas y accesoriosEl golf es uno de esos deportes que han abrazado la tecnolog\u00eda, as\u00ed que no es de extra\u00f1ar que los carritos de golf, que antes se ve\u00edan como lentos buggies con forma de caja, ahora sean modernos y est\u00e9n de moda, al igual que los TPV, que antes [&hellip;]<\/p>\n","protected":false},"author":1,"featured_media":0,"parent":0,"menu_order":0,"comment_status":"closed","ping_status":"closed","template":"","meta":{"_et_pb_use_builder":"on","_et_pb_old_content":"","_et_gb_content_width":"","footnotes":""},"class_list":["post-337031","page","type-page","status-publish","hentry"],"_links":{"self":[{"href":"https:\/\/lossuenosgolfcartsrentals.com\/es\/wp-json\/wp\/v2\/pages\/337031","targetHints":{"allow":["GET"]}}],"collection":[{"href":"https:\/\/lossuenosgolfcartsrentals.com\/es\/wp-json\/wp\/v2\/pages"}],"about":[{"href":"https:\/\/lossuenosgolfcartsrentals.com\/es\/wp-json\/wp\/v2\/types\/page"}],"author":[{"embeddable":true,"href":"https:\/\/lossuenosgolfcartsrentals.com\/es\/wp-json\/wp\/v2\/users\/1"}],"replies":[{"embeddable":true,"href":"https:\/\/lossuenosgolfcartsrentals.com\/es\/wp-json\/wp\/v2\/comments?post=337031"}],"version-history":[{"count":2,"href":"https:\/\/lossuenosgolfcartsrentals.com\/es\/wp-json\/wp\/v2\/pages\/337031\/revisions"}],"predecessor-version":[{"id":337033,"href":"https:\/\/lossuenosgolfcartsrentals.com\/es\/wp-json\/wp\/v2\/pages\/337031\/revisions\/337033"}],"wp:attachment":[{"href":"https:\/\/lossuenosgolfcartsrentals.com\/es\/wp-json\/wp\/v2\/media?parent=337031"}],"curies":[{"name":"wp","href":"https:\/\/api.w.org\/{rel}","templated":true}]}}