{"id":337028,"date":"2024-04-29T09:34:41","date_gmt":"2024-04-29T15:34:41","guid":{"rendered":"https:\/\/lossuenosgolfcartsrentals.com\/sobre-nosotros\/"},"modified":"2024-11-25T15:41:23","modified_gmt":"2024-11-25T21:41:23","slug":"sobre-nosotros","status":"publish","type":"page","link":"https:\/\/lossuenosgolfcartsrentals.com\/es\/sobre-nosotros\/","title":{"rendered":"Sobre nosotros"},"content":{"rendered":"<p>[et_pb_section fb_built=\u00bb1&#8243; custom_padding_last_edited=\u00bboff|desktop\u00bb admin_label=\u00bbHeader\u00bb _builder_version=\u00bb4.23.1&#8243; _module_preset=\u00bbdefault\u00bb background_color=\u00bb#19233E\u00bb background_enable_image=\u00bboff\u00bb custom_padding=\u00bb||16vw||false|false\u00bb custom_padding_tablet=\u00bb||40vw||false|false\u00bb custom_padding_phone=\u00bb||40vw||false|false\u00bb collapsed=\u00bbon\u00bb global_colors_info=\u00bb{}\u00bb][et_pb_row _builder_version=\u00bb4.17.4&#8243; _module_preset=\u00bbdefault\u00bb custom_margin=\u00bb||||false|false\u00bb global_colors_info=\u00bb{}\u00bb][et_pb_column type=\u00bb4_4&#8243; _builder_version=\u00bb4.17.4&#8243; _module_preset=\u00bbdefault\u00bb global_colors_info=\u00bb{}\u00bb][et_pb_text _builder_version=\u00bb4.25.0&#8243; _module_preset=\u00bbc16985e1-e0d6-4022-964d-e2bfc04fa633&#8243; header_font=\u00bb&#8211;et_global_heading_font|800||on|||||\u00bb header_text_color=\u00bb#FFFFFF\u00bb header_font_size=\u00bb75px\u00bb header_line_height=\u00bb1.5em\u00bb text_orientation=\u00bbcenter\u00bb custom_margin=\u00bb||50px||false|false\u00bb header_font_size_tablet=\u00bb40px\u00bb header_font_size_phone=\u00bb24px\u00bb header_font_size_last_edited=\u00bbon|desktop\u00bb global_colors_info=\u00bb{}\u00bb]<\/p>\n<h1 class=\"elementor-heading-title elementor-size-default\">\u00bfQui\u00e9nes somos?<\/h1>\n<p>[\/et_pb_text][\/et_pb_column][\/et_pb_row][\/et_pb_section][et_pb_section fb_built=\u00bb1&#8243; admin_label=\u00bbVideo\u00bb _builder_version=\u00bb4.17.4&#8243; _module_preset=\u00bbdefault\u00bb background_color=\u00bbRGBA(255,255,255,0)\u00bb custom_margin=\u00bb||||false|false\u00bb custom_padding=\u00bb||0px||false|false\u00bb global_colors_info=\u00bb{}\u00bb][et_pb_row _builder_version=\u00bb4.17.4&#8243; _module_preset=\u00bbdefault\u00bb custom_margin=\u00bb||||false|false\u00bb custom_margin_tablet=\u00bb-40vw||||false|false\u00bb custom_margin_phone=\u00bb-40vw||||false|false\u00bb custom_margin_last_edited=\u00bboff|desktop\u00bb custom_padding=\u00bb0px||||false|false\u00bb global_colors_info=\u00bb{}\u00bb][et_pb_column type=\u00bb4_4&#8243; _builder_version=\u00bb4.17.4&#8243; _module_preset=\u00bbdefault\u00bb global_colors_info=\u00bb{}\u00bb][et_pb_image src=\u00bbhttps:\/\/lossuenosgolfcartsrentals.com\/wp-content\/uploads\/2024\/08\/about-us.jpg\u00bb alt=\u00bb\u00bfQui\u00e9nes somos?\u00bb title_text=\u00bb\u00bfQui\u00e9nes somos?\u00bb _builder_version=\u00bb4.27.0&#8243; _module_preset=\u00bbdefault\u00bb custom_margin=\u00bb-20vw||||false|false\u00bb custom_padding=\u00bb||||false|false\u00bb global_colors_info=\u00bb{}\u00bb][\/et_pb_image][\/et_pb_column][\/et_pb_row][\/et_pb_section][et_pb_section fb_built=\u00bb1&#8243; admin_label=\u00bbAbout\u00bb _builder_version=\u00bb4.17.4&#8243; _module_preset=\u00bbdefault\u00bb custom_padding=\u00bb5px|||||\u00bb collapsed=\u00bbon\u00bb global_colors_info=\u00bb{}\u00bb][et_pb_row column_structure=\u00bb1_2,1_2&#8243; use_custom_gutter=\u00bbon\u00bb gutter_width=\u00bb1&#8243; make_equal=\u00bbon\u00bb _builder_version=\u00bb4.27.0&#8243; _module_preset=\u00bbdefault\u00bb max_width=\u00bb1100px\u00bb global_colors_info=\u00bb{}\u00bb][et_pb_column type=\u00bb1_2&#8243; _builder_version=\u00bb4.17.4&#8243; _module_preset=\u00bbdefault\u00bb global_colors_info=\u00bb{}\u00bb][et_pb_text _builder_version=\u00bb4.27.0&#8243; _module_preset=\u00bbe6504a1b-67eb-4b3d-b023-bcab277610b6&#8243; header_2_font=\u00bb&#8211;et_global_heading_font|800||on|||||\u00bb header_2_font_size=\u00bb48px\u00bb header_2_line_height=\u00bb1.2em\u00bb header_4_font=\u00bb|700||on|||||\u00bb header_4_text_color=\u00bb#41AC34&#8243; header_4_font_size=\u00bb14px\u00bb header_4_letter_spacing=\u00bb1px\u00bb header_4_line_height=\u00bb1.4em\u00bb custom_margin=\u00bb-1px||10px||false|false\u00bb custom_margin_tablet=\u00bb50px||10px||false|false\u00bb custom_margin_phone=\u00bbauto||||false|false\u00bb custom_margin_last_edited=\u00bbon|phone\u00bb header_2_font_size_tablet=\u00bb48px\u00bb header_2_font_size_phone=\u00bb25px\u00bb header_2_font_size_last_edited=\u00bbon|phone\u00bb global_colors_info=\u00bb{}\u00bb]<\/p>\n<h2 class=\"elementor-heading-title elementor-size-default\">Nuestra misi\u00f3n<\/h2>\n<p>[\/et_pb_text][et_pb_divider divider_weight=\u00bb4px\u00bb _builder_version=\u00bb4.27.0&#8243; _module_preset=\u00bbdefault\u00bb width=\u00bb200px\u00bb global_colors_info=\u00bb{}\u00bb][\/et_pb_divider][\/et_pb_column][et_pb_column type=\u00bb1_2&#8243; _builder_version=\u00bb4.17.4&#8243; _module_preset=\u00bbdefault\u00bb global_colors_info=\u00bb{}\u00bb][et_pb_text _builder_version=\u00bb4.27.0&#8243; _module_preset=\u00bbdefault\u00bb global_colors_info=\u00bb{}\u00bb]<\/p>\n<div class=\"elementor-element elementor-element-e56ab06 elementor-widget elementor-widget-text-editor\" data-id=\"e56ab06\" data-element_type=\"widget\" data-widget_type=\"text-editor.default\">\n<div class=\"elementor-widget-container\">\n<div class=\"elementor-text-editor elementor-clearfix\">\n<div class=\"elementor-element elementor-element-e5f497e elementor-widget elementor-widget-text-editor\" data-id=\"e5f497e\" data-element_type=\"widget\" data-widget_type=\"text-editor.default\">\n<div class=\"elementor-widget-container\">\n<p>Proporcionar a nuestros clientes los mejores veh\u00edculos con la tecnolog\u00eda y los sistemas de propulsi\u00f3n m\u00e1s avanzados del mercado actual.<\/p>\n<p>&nbsp;<\/p>\n<\/div>\n<\/div>\n<div class=\"elementor-element elementor-element-5dcd18a elementor-widget elementor-widget-text-editor\" data-id=\"5dcd18a\" data-element_type=\"widget\" data-widget_type=\"text-editor.default\">\n<div class=\"elementor-widget-container\">\n<p>Superamos las expectativas del cliente, mejor que cualquier otra oferta del mercado.<\/p>\n<\/div>\n<\/div>\n<\/div>\n<\/div>\n<\/div>\n<p>[\/et_pb_text][\/et_pb_column][\/et_pb_row][et_pb_row column_structure=\u00bb1_2,1_2&#8243; use_custom_gutter=\u00bbon\u00bb gutter_width=\u00bb2&#8243; make_equal=\u00bbon\u00bb _builder_version=\u00bb4.27.0&#8243; _module_preset=\u00bbdefault\u00bb global_colors_info=\u00bb{}\u00bb][et_pb_column type=\u00bb1_2&#8243; _builder_version=\u00bb4.27.0&#8243; _module_preset=\u00bbdefault\u00bb background_color=\u00bbrgba(0,0,0,0.03)\u00bb custom_padding=\u00bb20px|20px|20px|20px|true|true\u00bb global_colors_info=\u00bb{}\u00bb][et_pb_blurb title=\u00bbExperiencias extraordinarias\u00bb image=\u00bbhttps:\/\/lossuenosgolfcartsrentals.com\/wp-content\/uploads\/2024\/08\/about-us2.jpg\u00bb alt=\u00bbSobre nosotros\u00bb _builder_version=\u00bb4.27.0&#8243; _module_preset=\u00bbdefault\u00bb header_font=\u00bb&#8211;et_global_heading_font|800||on|||||\u00bb header_font_size=\u00bb24px\u00bb header_line_height=\u00bb1.7em\u00bb global_colors_info=\u00bb{}\u00bb]<\/p>\n<div class=\"elementor-element elementor-element-d8f9f49 elementor-widget elementor-widget-text-editor\" data-id=\"d8f9f49\" data-element_type=\"widget\" data-widget_type=\"text-editor.default\">\n<div class=\"elementor-widget-container\">\n<p>Playa muy bonita para pasar momentos muy agradables con tus seres queridos. Adem\u00e1s, hay bares-restaurantes, ba\u00f1os y opciones de alojamiento, especialmente caba\u00f1as y casas de alquiler.<\/p>\n<p>Herradura es una playa familiar, por lo que es perfecta frente al mar. Disfruta de todas las cosas asombrosas que este lugar tiene para ti.<\/p>\n<\/div>\n<\/div>\n<p>&nbsp;<\/p>\n<p>[\/et_pb_blurb][\/et_pb_column][et_pb_column type=\u00bb1_2&#8243; _builder_version=\u00bb4.27.0&#8243; _module_preset=\u00bbdefault\u00bb background_color=\u00bbrgba(0,0,0,0.03)\u00bb custom_padding=\u00bb20px|20px|20px|20px|true|true\u00bb global_colors_info=\u00bb{}\u00bb][et_pb_blurb title=\u00bbNuestros valores fundamentales\u00bb image=\u00bbhttps:\/\/lossuenosgolfcartsrentals.com\/wp-content\/uploads\/2024\/08\/about-us3.jpg\u00bb alt=\u00bbSobre nosotros\u00bb _builder_version=\u00bb4.27.2&#8243; _module_preset=\u00bbdefault\u00bb header_font=\u00bb&#8211;et_global_heading_font|800||on|||||\u00bb header_font_size=\u00bb24px\u00bb header_line_height=\u00bb1.7em\u00bb body_ul_item_indent=\u00bb37px\u00bb body_ul_line_height=\u00bb1.7em\u00bb global_colors_info=\u00bb{}\u00bb]<\/p>\n<div class=\"elementor-element elementor-element-d8f9f49 elementor-widget elementor-widget-text-editor\" data-id=\"d8f9f49\" data-element_type=\"widget\" data-widget_type=\"text-editor.default\">\n<div class=\"elementor-widget-container\">\n<p><span>Los Sue\u00f1os Golf Carts Rentals es una empresa del grupo by electric cars de <\/span><a href=\"https:\/\/electriccarscr.com\" target=\"_blank\" rel=\"noopener\">Coches El\u00e9ctricos de Costa Rica<\/a><span>una empresa local dedicada a reducir las emisiones y a dise\u00f1ar soluciones de transporte para distancias cortas.<\/span><\/p>\n<ul class=\"elementor-icon-list-items\" style=\"margin-top: 20px;\">\n<li class=\"elementor-icon-list-item\"><span class=\"elementor-icon-list-text\">Servicio<\/span><\/li>\n<li class=\"elementor-icon-list-item\"><span class=\"elementor-icon-list-icon\"><i aria-hidden=\"true\" class=\"fas fa-minus\"><\/i><\/span><span class=\"elementor-icon-list-text\">Innovaci\u00f3n<\/span><\/li>\n<li class=\"elementor-icon-list-item\"><span class=\"elementor-icon-list-icon\"><i aria-hidden=\"true\" class=\"fas fa-minus\"><\/i><\/span><span class=\"elementor-icon-list-text\">Tecnolog\u00eda<\/span><\/li>\n<\/ul>\n<\/div>\n<\/div>\n<p>[\/et_pb_blurb][\/et_pb_column][\/et_pb_row][\/et_pb_section]<\/p>\n","protected":false},"excerpt":{"rendered":"<p>\u00bfQui\u00e9nes somos?Nuestra misi\u00f3n Proporcionar a nuestros clientes los mejores veh\u00edculos con la tecnolog\u00eda y los sistemas de propulsi\u00f3n m\u00e1s avanzados del mercado actual. &nbsp; Superamos las expectativas del cliente, mejor que cualquier otra oferta del mercado. Playa muy bonita para pasar momentos muy agradables con tus seres queridos. Adem\u00e1s, hay bares-restaurantes, ba\u00f1os y opciones de [&hellip;]<\/p>\n","protected":false},"author":1,"featured_media":0,"parent":0,"menu_order":0,"comment_status":"closed","ping_status":"closed","template":"","meta":{"_et_pb_use_builder":"on","_et_pb_old_content":"","_et_gb_content_width":"","footnotes":""},"class_list":["post-337028","page","type-page","status-publish","hentry"],"_links":{"self":[{"href":"https:\/\/lossuenosgolfcartsrentals.com\/es\/wp-json\/wp\/v2\/pages\/337028","targetHints":{"allow":["GET"]}}],"collection":[{"href":"https:\/\/lossuenosgolfcartsrentals.com\/es\/wp-json\/wp\/v2\/pages"}],"about":[{"href":"https:\/\/lossuenosgolfcartsrentals.com\/es\/wp-json\/wp\/v2\/types\/page"}],"author":[{"embeddable":true,"href":"https:\/\/lossuenosgolfcartsrentals.com\/es\/wp-json\/wp\/v2\/users\/1"}],"replies":[{"embeddable":true,"href":"https:\/\/lossuenosgolfcartsrentals.com\/es\/wp-json\/wp\/v2\/comments?post=337028"}],"version-history":[{"count":4,"href":"https:\/\/lossuenosgolfcartsrentals.com\/es\/wp-json\/wp\/v2\/pages\/337028\/revisions"}],"predecessor-version":[{"id":337105,"href":"https:\/\/lossuenosgolfcartsrentals.com\/es\/wp-json\/wp\/v2\/pages\/337028\/revisions\/337105"}],"wp:attachment":[{"href":"https:\/\/lossuenosgolfcartsrentals.com\/es\/wp-json\/wp\/v2\/media?parent=337028"}],"curies":[{"name":"wp","href":"https:\/\/api.w.org\/{rel}","templated":true}]}}