{"id":337013,"date":"2024-05-13T10:32:18","date_gmt":"2024-05-13T16:32:18","guid":{"rendered":"https:\/\/lossuenosgolfcartsrentals.com\/alquiler-de-carritos-de-golf-en-los-suenos\/"},"modified":"2025-01-17T16:03:41","modified_gmt":"2025-01-17T22:03:41","slug":"alquiler-de-carritos-de-golf-en-los-suenos","status":"publish","type":"page","link":"https:\/\/lossuenosgolfcartsrentals.com\/es\/","title":{"rendered":"Alquiler de carritos de golf en Los Sue\u00f1os"},"content":{"rendered":"<p>[et_pb_section fb_built=\u00bb1&#8243; fullwidth=\u00bbon\u00bb _builder_version=\u00bb4.25.1&#8243; _module_preset=\u00bbdefault\u00bb background_color=\u00bb#19233E\u00bb global_colors_info=\u00bb{}\u00bb][et_pb_fullwidth_slider _builder_version=\u00bb4.27.0&#8243; _module_preset=\u00bbdefault\u00bb header_font=\u00bb&#8211;et_global_heading_font|800||on|||||\u00bb body_font=\u00bb&#8211;et_global_body_font||||||||\u00bb custom_button=\u00bbon\u00bb button_text_size=\u00bb16px\u00bb button_bg_color=\u00bb#41AC34&#8243; button_border_color=\u00bb#41AC34&#8243; button_letter_spacing=\u00bb2px\u00bb button_font=\u00bb&#8211;et_global_heading_font|800||on|||||\u00bb height=\u00bb90vh\u00bb auto=\u00bbon\u00bb global_colors_info=\u00bb{}\u00bb][et_pb_slide heading=\u00bbALQUILER DE CARRITOS DE GOLF LOS SUE\u00d1OS\u00bb button_text=\u00bbAlquila un carro\u00bb button_link=\u00bb@ET-DC@eyJkeW5hbWljIjp0cnVlLCJjb250ZW50IjoicG9zdF9saW5rX3VybF9wYWdlIiwic2V0dGluZ3MiOnsicG9zdF9pZCI6IjMzNjM5MiIsImVuYWJsZV9odG1sIjoib2ZmIn19@\u00bb _builder_version=\u00bb4.27.0&#8243; _dynamic_attributes=\u00bbbutton_link\u00bb _module_preset=\u00bbdefault\u00bb header_level=\u00bbh2&#8243; header_font_size=\u00bb56px\u00bb background_color=\u00bb#19233E\u00bb background_enable_color=\u00bbon\u00bb use_background_color_gradient=\u00bbon\u00bb background_color_gradient_stops=\u00bbrgba(25,35,62,0) 0%|rgba(25,35,62,0.58) 50%|rgba(25,35,62,0) 100%\u00bb background_color_gradient_overlays_image=\u00bbon\u00bb background_image=\u00bbhttps:\/\/lossuenosgolfcartsrentals.com\/wp-content\/uploads\/2024\/08\/faqs.jpg\u00bb background_enable_image=\u00bbon\u00bb text_orientation=\u00bbcenter\u00bb header_font_size_tablet=\u00bb56px\u00bb header_font_size_phone=\u00bb46px\u00bb header_font_size_last_edited=\u00bbon|desktop\u00bb global_colors_info=\u00bb{}\u00bb sticky_transition=\u00bbon\u00bb][\/et_pb_slide][et_pb_slide heading=\u00bb%22La vida est\u00e1 hecha de momentos. Elige crear y coleccionar los felices%22.\u00bb button_text=\u00bbSobre nosotros\u00bb button_link=\u00bb@ET-DC@eyJkeW5hbWljIjp0cnVlLCJjb250ZW50IjoicG9zdF9saW5rX3VybF9wYWdlIiwic2V0dGluZ3MiOnsicG9zdF9pZCI6IjM0IiwiZW5hYmxlX2h0bWwiOiJvZmYifX0=@\u00bb _builder_version=\u00bb4.27.0&#8243; _dynamic_attributes=\u00bbbutton_link\u00bb _module_preset=\u00bbdefault\u00bb header_level=\u00bbh2&#8243; header_font_size=\u00bb38px\u00bb background_color=\u00bb#19233E\u00bb background_enable_color=\u00bbon\u00bb use_background_color_gradient=\u00bbon\u00bb background_color_gradient_stops=\u00bbrgba(25,35,62,0) 0%|rgba(25,35,62,0.58) 50%|rgba(25,35,62,0) 100%\u00bb background_color_gradient_overlays_image=\u00bbon\u00bb background_image=\u00bbhttps:\/\/lossuenosgolfcartsrentals.com\/wp-content\/uploads\/2024\/08\/rent-a-car.jpg\u00bb background_enable_image=\u00bbon\u00bb text_orientation=\u00bbcenter\u00bb header_font_size_tablet=\u00bb56px\u00bb header_font_size_phone=\u00bb46px\u00bb header_font_size_last_edited=\u00bbon|desktop\u00bb global_colors_info=\u00bb{}\u00bb sticky_transition=\u00bbon\u00bb]<\/p>\n<p><span>&#8211; Nataly Kogan<\/span><\/p>\n<p>[\/et_pb_slide][\/et_pb_fullwidth_slider][\/et_pb_section][et_pb_section fb_built=\u00bb1&#8243; admin_label=\u00bbAbout\u00bb _builder_version=\u00bb4.17.4&#8243; _module_preset=\u00bbdefault\u00bb locked=\u00bboff\u00bb collapsed=\u00bbon\u00bb global_colors_info=\u00bb{}\u00bb][et_pb_row column_structure=\u00bb1_2,1_2&#8243; make_equal=\u00bbon\u00bb _builder_version=\u00bb4.25.1&#8243; _module_preset=\u00bbdefault\u00bb global_colors_info=\u00bb{}\u00bb][et_pb_column type=\u00bb1_2&#8243; _builder_version=\u00bb4.17.4&#8243; _module_preset=\u00bbdefault\u00bb global_colors_info=\u00bb{}\u00bb][et_pb_image src=\u00bbhttps:\/\/lossuenosgolfcartsrentals.com\/wp-content\/uploads\/2024\/08\/about-us.jpg\u00bb alt=\u00bb\u00bfQui\u00e9nes somos?\u00bb title_text=\u00bb\u00bfQui\u00e9nes somos?\u00bb _builder_version=\u00bb4.27.0&#8243; _module_preset=\u00bbdefault\u00bb global_colors_info=\u00bb{}\u00bb][\/et_pb_image][\/et_pb_column][et_pb_column type=\u00bb1_2&#8243; _builder_version=\u00bb4.17.4&#8243; _module_preset=\u00bbdefault\u00bb transform_scale_last_edited=\u00bboff|phone\u00bb transform_translate_last_edited=\u00bboff|phone\u00bb transform_rotate_last_edited=\u00bboff|phone\u00bb transform_skew_phone=\u00bb-10deg|0deg\u00bb transform_skew_last_edited=\u00bboff|phone\u00bb transform_origin_last_edited=\u00bboff|phone\u00bb transform_styles_last_edited=\u00bboff|phone\u00bb global_colors_info=\u00bb{}\u00bb][et_pb_text _builder_version=\u00bb4.27.3&#8243; _module_preset=\u00bbe6504a1b-67eb-4b3d-b023-bcab277610b6&#8243; header_4_font=\u00bbInter|700||on|||||\u00bb header_4_text_color=\u00bb#41AC34&#8243; header_4_font_size=\u00bb14px\u00bb header_4_letter_spacing=\u00bb1px\u00bb header_4_line_height=\u00bb1.4em\u00bb custom_margin=\u00bb6px||0px||false|false\u00bb global_colors_info=\u00bb{}\u00bb]<\/p>\n<h4>Los Sue\u00f1os Golf Carts<\/h4>\n<p>[\/et_pb_text][et_pb_text _builder_version=\u00bb4.27.0&#8243; _module_preset=\u00bbb327cbe4-b1d5-4b66-ad37-40c8f2f061ba\u00bb header_2_font=\u00bb&#8211;et_global_heading_font|800||on|||||\u00bb header_2_text_color=\u00bb#000000&#8243; header_2_font_size=\u00bb48px\u00bb header_2_line_height=\u00bb1.2em\u00bb header_2_font_size_tablet=\u00bb32px\u00bb header_2_font_size_phone=\u00bb20px\u00bb header_2_font_size_last_edited=\u00bbon|desktop\u00bb global_colors_info=\u00bb{}\u00bb]<\/p>\n<h2 class=\"elementor-heading-title elementor-size-default\">Alquiler de carritos de golf<\/h2>\n<p>[\/et_pb_text][et_pb_text _builder_version=\u00bb4.27.2&#8243; _module_preset=\u00bb4c43b4b6-66bf-432d-959a-705bda24a650&#8243; text_font=\u00bb&#8211;et_global_body_font||||||||\u00bb text_text_color=\u00bb#000000&#8243; text_line_height=\u00bb1.8em\u00bb header_font_size_tablet=\u00bb55px\u00bb header_font_size_last_edited=\u00bboff|desktop\u00bb global_colors_info=\u00bb{}\u00bb]<\/p>\n<p>\u00a0Tenemos m\u00e1s de 100 carritos de golf el\u00e9ctricos disponibles para alquilar en dos modelos diferentes, de 4 pasajeros o de 6 pasajeros. <span>Cada carrito de golf est\u00e1 equipado con faros delanteros, faros antiniebla, intermitentes\/peligros y bocina. Todos los carros tienen tambi\u00e9n espejos retrovisores laterales, parabrisas abatible, portavasos y un maletero para objetos de tama\u00f1o peque\u00f1o o mediano.<\/span><\/p>\n<p>[\/et_pb_text][et_pb_button button_url=\u00bb@ET-DC@eyJkeW5hbWljIjp0cnVlLCJjb250ZW50IjoicG9zdF9saW5rX3VybF9wYWdlIiwic2V0dGluZ3MiOnsicG9zdF9pZCI6IjM0IiwiZW5hYmxlX2h0bWwiOiJvZmYifX0=@\u00bb button_text=\u00bbM\u00e1s sobre nosotros\u00bb _builder_version=\u00bb4.27.0&#8243; _dynamic_attributes=\u00bbbutton_url\u00bb _module_preset=\u00bb3117bc07-6a8a-4679-b3bb-b6ed74b48a2f\u00bb custom_button=\u00bbon\u00bb button_text_size=\u00bb14px\u00bb button_text_color=\u00bb#FFFFFF\u00bb button_bg_color=\u00bb#41AC34&#8243; button_border_color=\u00bb#41AC34&#8243; button_border_radius=\u00bb0px\u00bb button_font=\u00bb&#8211;et_global_heading_font|800||on|||||\u00bb custom_padding=\u00bb14px|20px|14px|20px|true|true\u00bb locked=\u00bboff\u00bb global_colors_info=\u00bb{}\u00bb][\/et_pb_button][\/et_pb_column][\/et_pb_row][\/et_pb_section][et_pb_section fb_built=\u00bb1&#8243; prev_background_color=\u00bb#ffffff\u00bb admin_label=\u00bbServices\u00bb _builder_version=\u00bb4.27.0&#8243; _module_preset=\u00bbdefault\u00bb background_color=\u00bb#000000&#8243; use_background_color_gradient=\u00bbon\u00bb background_color_gradient_stops=\u00bbrgba(25,35,62,0.87) 0%|#19233e 84%\u00bb background_color_gradient_overlays_image=\u00bbon\u00bb background_image=\u00bbhttps:\/\/lossuenosgolfcartsrentals.com\/wp-content\/uploads\/2024\/08\/IMG_7081-1-scaled-1.jpg\u00bb custom_padding=\u00bb140px||100px||false|false\u00bb top_divider_style=\u00bbarrow2&#8243; top_divider_height=\u00bb49px\u00bb locked=\u00bboff\u00bb collapsed=\u00bbon\u00bb global_colors_info=\u00bb{}\u00bb][et_pb_row column_structure=\u00bb1_2,1_2&#8243; custom_padding_last_edited=\u00bbon|tablet\u00bb _builder_version=\u00bb4.27.0&#8243; _module_preset=\u00bbdefault\u00bb custom_padding_tablet=\u00bb||0px||false|false\u00bb custom_padding_phone=\u00bb||0px||false|false\u00bb global_colors_info=\u00bb{}\u00bb][et_pb_column type=\u00bb1_2&#8243; _builder_version=\u00bb4.17.4&#8243; _module_preset=\u00bbdefault\u00bb global_colors_info=\u00bb{}\u00bb][et_pb_image src=\u00bbhttps:\/\/lossuenosgolfcartsrentals.com\/wp-content\/uploads\/2024\/08\/home1.jpg\u00bb alt=\u00bbLos Sue\u00f1os Golf Cart Retals\u00bb title_text=\u00bbLos Sue\u00f1os Golf Cart Retals\u00bb _builder_version=\u00bb4.27.0&#8243; _module_preset=\u00bbdefault\u00bb global_colors_info=\u00bb{}\u00bb][\/et_pb_image][et_pb_text _builder_version=\u00bb4.27.0&#8243; _module_preset=\u00bbe6504a1b-67eb-4b3d-b023-bcab277610b6&#8243; header_2_font=\u00bb&#8211;et_global_heading_font|800||on|||||\u00bb header_2_text_color=\u00bb#FFFFFF\u00bb header_2_font_size=\u00bb28px\u00bb header_2_line_height=\u00bb1.2em\u00bb header_4_font=\u00bb|700||on|||||\u00bb header_4_text_color=\u00bb#41AC34&#8243; header_4_font_size=\u00bb14px\u00bb header_4_letter_spacing=\u00bb1px\u00bb header_4_line_height=\u00bb1.4em\u00bb custom_margin=\u00bb34px||10px||false|false\u00bb custom_margin_tablet=\u00bb50px||10px||false|false\u00bb custom_margin_phone=\u00bbauto||||false|false\u00bb custom_margin_last_edited=\u00bbon|phone\u00bb locked=\u00bboff\u00bb global_colors_info=\u00bb{}\u00bb]<\/p>\n<h2>LA MEJOR FORMA DE MOVERSE<\/h2>\n<p>[\/et_pb_text][et_pb_text _builder_version=\u00bb4.27.0&#8243; _module_preset=\u00bbdefault\u00bb text_font=\u00bb&#8211;et_global_body_font||||||||\u00bb text_text_color=\u00bb#FFFFFF\u00bb link_font=\u00bb||||||||\u00bb link_text_color=\u00bb#7CDA24&#8243; global_colors_info=\u00bb{}\u00bb]<\/p>\n<p><span>Ofrecemos tarifas diarias, semanales y mensuales de alquiler de carritos de golf para que nuestros clientes puedan elegir la duraci\u00f3n que m\u00e1s les convenga.<\/span><\/p>\n<p>[\/et_pb_text][et_pb_button button_url=\u00bb@ET-DC@eyJkeW5hbWljIjp0cnVlLCJjb250ZW50IjoicG9zdF9saW5rX3VybF9wYWdlIiwic2V0dGluZ3MiOnsicG9zdF9pZCI6IjMzNjM5MiIsImVuYWJsZV9odG1sIjoib2ZmIn19@\u00bb button_text=\u00bbReserva ahora\u00bb _builder_version=\u00bb4.27.0&#8243; _dynamic_attributes=\u00bbbutton_url\u00bb _module_preset=\u00bb3117bc07-6a8a-4679-b3bb-b6ed74b48a2f\u00bb custom_button=\u00bbon\u00bb button_text_size=\u00bb14px\u00bb button_text_color=\u00bb#FFFFFF\u00bb button_bg_color=\u00bb#41AC34&#8243; button_border_color=\u00bb#41AC34&#8243; button_border_radius=\u00bb0px\u00bb button_font=\u00bb&#8211;et_global_heading_font|800||on|||||\u00bb custom_padding=\u00bb14px|20px|14px|20px|true|true\u00bb locked=\u00bboff\u00bb global_colors_info=\u00bb{}\u00bb][\/et_pb_button][\/et_pb_column][et_pb_column type=\u00bb1_2&#8243; _builder_version=\u00bb4.17.4&#8243; _module_preset=\u00bbdefault\u00bb global_colors_info=\u00bb{}\u00bb][et_pb_image src=\u00bbhttps:\/\/lossuenosgolfcartsrentals.com\/wp-content\/uploads\/2024\/08\/home2.jpg\u00bb alt=\u00bbLos Sue\u00f1os Golf Cart Retals\u00bb title_text=\u00bbLos Sue\u00f1os Golf Cart Retals\u00bb _builder_version=\u00bb4.27.0&#8243; _module_preset=\u00bbdefault\u00bb global_colors_info=\u00bb{}\u00bb][\/et_pb_image][et_pb_text _builder_version=\u00bb4.27.0&#8243; _module_preset=\u00bbe6504a1b-67eb-4b3d-b023-bcab277610b6&#8243; header_2_font=\u00bb&#8211;et_global_heading_font|800||on|||||\u00bb header_2_text_color=\u00bb#FFFFFF\u00bb header_2_font_size=\u00bb28px\u00bb header_2_line_height=\u00bb1.2em\u00bb header_4_font=\u00bb|700||on|||||\u00bb header_4_text_color=\u00bb#41AC34&#8243; header_4_font_size=\u00bb14px\u00bb header_4_letter_spacing=\u00bb1px\u00bb header_4_line_height=\u00bb1.4em\u00bb custom_margin=\u00bb34px||10px||false|false\u00bb custom_margin_tablet=\u00bb50px||10px||false|false\u00bb custom_margin_phone=\u00bbauto||||false|false\u00bb custom_margin_last_edited=\u00bbon|phone\u00bb locked=\u00bboff\u00bb global_colors_info=\u00bb{}\u00bb]<\/p>\n<h2>ESTILO DE VIDA PLAYERO<\/h2>\n<p>[\/et_pb_text][et_pb_text _builder_version=\u00bb4.27.2&#8243; _module_preset=\u00bbdefault\u00bb text_font=\u00bb&#8211;et_global_body_font||||||||\u00bb text_text_color=\u00bb#FFFFFF\u00bb link_font=\u00bb||||||||\u00bb link_text_color=\u00bb#7CDA24&#8243; global_colors_info=\u00bb{}\u00bb]<\/p>\n<p><span>Descubre por ti mismo la belleza de Los Sue\u00f1os. Conoce todo el complejo de la forma m\u00e1s c\u00f3moda (genial), restaurantes en el puerto deportivo y el hotel Marriott cuidando el medio ambiente&#8230;<\/span><\/p>\n<p>[\/et_pb_text][et_pb_button button_url=\u00bb@ET-DC@eyJkeW5hbWljIjp0cnVlLCJjb250ZW50IjoicG9zdF9saW5rX3VybF9wYWdlIiwic2V0dGluZ3MiOnsicG9zdF9pZCI6IjMzNjM5MiIsImVuYWJsZV9odG1sIjoib2ZmIn19@\u00bb button_text=\u00bbReserva ahora\u00bb _builder_version=\u00bb4.27.0&#8243; _dynamic_attributes=\u00bbbutton_url\u00bb _module_preset=\u00bb3117bc07-6a8a-4679-b3bb-b6ed74b48a2f\u00bb custom_button=\u00bbon\u00bb button_text_size=\u00bb14px\u00bb button_text_color=\u00bb#FFFFFF\u00bb button_bg_color=\u00bb#41AC34&#8243; button_border_color=\u00bb#41AC34&#8243; button_border_radius=\u00bb0px\u00bb button_font=\u00bb&#8211;et_global_heading_font|800||on|||||\u00bb custom_padding=\u00bb14px|20px|14px|20px|true|true\u00bb locked=\u00bboff\u00bb global_colors_info=\u00bb{}\u00bb][\/et_pb_button][\/et_pb_column][\/et_pb_row][\/et_pb_section]<\/p>\n","protected":false},"excerpt":{"rendered":"<p>&#8211; Nataly KoganLos Sue\u00f1os Golf CartsAlquiler de carritos de golf\u00a0Tenemos m\u00e1s de 100 carritos de golf el\u00e9ctricos disponibles para alquilar en dos modelos diferentes, de 4 pasajeros o de 6 pasajeros. Cada carrito de golf est\u00e1 equipado con faros delanteros, faros antiniebla, intermitentes\/peligros y bocina. Todos los carros tienen tambi\u00e9n espejos retrovisores laterales, parabrisas abatible, [&hellip;]<\/p>\n","protected":false},"author":1,"featured_media":0,"parent":0,"menu_order":0,"comment_status":"closed","ping_status":"closed","template":"","meta":{"_et_pb_use_builder":"on","_et_pb_old_content":"","_et_gb_content_width":"","footnotes":""},"class_list":["post-337013","page","type-page","status-publish","hentry"],"_links":{"self":[{"href":"https:\/\/lossuenosgolfcartsrentals.com\/es\/wp-json\/wp\/v2\/pages\/337013","targetHints":{"allow":["GET"]}}],"collection":[{"href":"https:\/\/lossuenosgolfcartsrentals.com\/es\/wp-json\/wp\/v2\/pages"}],"about":[{"href":"https:\/\/lossuenosgolfcartsrentals.com\/es\/wp-json\/wp\/v2\/types\/page"}],"author":[{"embeddable":true,"href":"https:\/\/lossuenosgolfcartsrentals.com\/es\/wp-json\/wp\/v2\/users\/1"}],"replies":[{"embeddable":true,"href":"https:\/\/lossuenosgolfcartsrentals.com\/es\/wp-json\/wp\/v2\/comments?post=337013"}],"version-history":[{"count":5,"href":"https:\/\/lossuenosgolfcartsrentals.com\/es\/wp-json\/wp\/v2\/pages\/337013\/revisions"}],"predecessor-version":[{"id":337112,"href":"https:\/\/lossuenosgolfcartsrentals.com\/es\/wp-json\/wp\/v2\/pages\/337013\/revisions\/337112"}],"wp:attachment":[{"href":"https:\/\/lossuenosgolfcartsrentals.com\/es\/wp-json\/wp\/v2\/media?parent=337013"}],"curies":[{"name":"wp","href":"https:\/\/api.w.org\/{rel}","templated":true}]}}